{"id":2,"date":"2013-04-22T11:38:16","date_gmt":"2013-04-22T11:38:16","guid":{"rendered":"http:\/\/beletteprint.fr\/blog\/\/?page_id=2"},"modified":"2016-03-07T23:20:24","modified_gmt":"2016-03-07T22:20:24","slug":"about","status":"publish","type":"page","link":"http:\/\/beletteprint.fr\/blog\/about\/","title":{"rendered":"\u00c0 propos"},"content":{"rendered":"<p style=\"text-align: justify;\">Je m&rsquo;appelle Marie, je suis passionn\u00e9e par la gravure sous toutes ses formes. La linogravure est ma technique favorite. J&rsquo;aime imprimer sur papier mais aussi cr\u00e9er des tissus que j&rsquo;utilise pour coudre des v\u00eatements et des accessoires. Toujours \u00e0 la recherche de nouveaux supports d&rsquo;impression, je partage ici avec vous mes exp\u00e9riences!<a href=\"http:\/\/beletteprint.fr\/blog\/wp-content\/uploads\/2013\/04\/apropos2.jpg\"><img loading=\"lazy\" class=\"aligncenter size-medium wp-image-622\" src=\"http:\/\/beletteprint.fr\/blog\/wp-content\/uploads\/2013\/04\/apropos2-595x335.jpg\" alt=\"apropos2\" width=\"595\" height=\"335\" srcset=\"http:\/\/beletteprint.fr\/blog\/wp-content\/uploads\/2013\/04\/apropos2-595x335.jpg 595w, http:\/\/beletteprint.fr\/blog\/wp-content\/uploads\/2013\/04\/apropos2-150x84.jpg 150w, http:\/\/beletteprint.fr\/blog\/wp-content\/uploads\/2013\/04\/apropos2-300x169.jpg 300w, http:\/\/beletteprint.fr\/blog\/wp-content\/uploads\/2013\/04\/apropos2-600x338.jpg 600w, http:\/\/beletteprint.fr\/blog\/wp-content\/uploads\/2013\/04\/apropos2.jpg 760w\" sizes=\"(max-width: 595px) 100vw, 595px\" \/><\/a><\/p>\n<p>Certaines de mes impressions son disponibles en ligne (menu, boutique). Si vous avez une demande particuli\u00e8re \u00e0 me formuler, n&rsquo;h\u00e9sitez pas! Je peux r\u00e9\u00e9diter pour vous certains objets ou acc\u00e9der \u00e0 des demandes de personnalisation.<a href=\"http:\/\/beletteprint.fr\/blog\/wp-content\/uploads\/2013\/04\/apropos3.jpg\"><img loading=\"lazy\" class=\"aligncenter size-medium wp-image-623\" src=\"http:\/\/beletteprint.fr\/blog\/wp-content\/uploads\/2013\/04\/apropos3-595x335.jpg\" alt=\"apropos3\" width=\"595\" height=\"335\" srcset=\"http:\/\/beletteprint.fr\/blog\/wp-content\/uploads\/2013\/04\/apropos3-595x335.jpg 595w, http:\/\/beletteprint.fr\/blog\/wp-content\/uploads\/2013\/04\/apropos3-150x84.jpg 150w, http:\/\/beletteprint.fr\/blog\/wp-content\/uploads\/2013\/04\/apropos3-300x169.jpg 300w, http:\/\/beletteprint.fr\/blog\/wp-content\/uploads\/2013\/04\/apropos3-600x338.jpg 600w, http:\/\/beletteprint.fr\/blog\/wp-content\/uploads\/2013\/04\/apropos3.jpg 760w\" sizes=\"(max-width: 595px) 100vw, 595px\" \/><\/a><\/p>\n<p>Beaucoup de vos questions sur les techniques utilis\u00e9es trouveront r\u00e9ponse dans le livre que j&rsquo;ai publi\u00e9 aux \u00e9ditions Eyrolles (EAN13:\u00a09782212139518)<\/p>\n<p><a href=\"http:\/\/www.eyrolles.com\/Loisirs\/Livre\/linogravure-impressions-nature-9782212139518\"><img class=\" aligncenter\" src=\"http:\/\/static.eyrolles.com\/img\/2\/2\/1\/2\/1\/3\/9\/5\/9782212139518_h430.jpg\" alt=\"\" \/><\/a><\/p>\n","protected":false},"excerpt":{"rendered":"<p>Je m&rsquo;appelle Marie, je suis passionn\u00e9e par la gravure sous toutes ses formes. La linogravure est ma technique favorite. J&rsquo;aime imprimer sur papier mais aussi cr\u00e9er des tissus que j&rsquo;utilise pour coudre des v\u00eatements et des accessoires. Toujours \u00e0 la recherche de nouveaux supports d&rsquo;impression, je partage ici avec vous mes exp\u00e9riences! Certaines de mes &hellip; <a href=\"http:\/\/beletteprint.fr\/blog\/about\/\" class=\"more-link\">Continuer la lecture de <span class=\"screen-reader-text\">\u00c0 propos<\/span> <span class=\"meta-nav\">&rarr;<\/span><\/a><\/p>\n","protected":false},"author":1,"featured_media":0,"parent":0,"menu_order":0,"comment_status":"open","ping_status":"open","template":"","meta":{"_links_to":"","_links_to_target":""},"yoast_head":"<!-- This site is optimized with the Yoast SEO plugin v16.3 - https:\/\/yoast.com\/wordpress\/plugins\/seo\/ -->\n<meta name=\"robots\" content=\"index, follow, max-snippet:-1, max-image-preview:large, max-video-preview:-1\" \/>\n<link rel=\"canonical\" href=\"http:\/\/beletteprint.fr\/blog\/about\/\" \/>\n<meta property=\"og:locale\" content=\"fr_FR\" \/>\n<meta property=\"og:type\" content=\"article\" \/>\n<meta property=\"og:title\" content=\"\u00c0 propos - Belette Print\" \/>\n<meta property=\"og:description\" content=\"Je m&rsquo;appelle Marie, je suis passionn\u00e9e par la gravure sous toutes ses formes. La linogravure est ma technique favorite. J&rsquo;aime imprimer sur papier mais aussi cr\u00e9er des tissus que j&rsquo;utilise pour coudre des v\u00eatements et des accessoires. Toujours \u00e0 la recherche de nouveaux supports d&rsquo;impression, je partage ici avec vous mes exp\u00e9riences! Certaines de mes &hellip; Continuer la lecture de \u00c0 propos &rarr;\" \/>\n<meta property=\"og:url\" content=\"http:\/\/beletteprint.fr\/blog\/about\/\" \/>\n<meta property=\"og:site_name\" content=\"Belette Print\" \/>\n<meta property=\"article:publisher\" content=\"https:\/\/fr-fr.facebook.com\/belettePrint\/\" \/>\n<meta property=\"article:modified_time\" content=\"2016-03-07T22:20:24+00:00\" \/>\n<meta property=\"og:image\" content=\"http:\/\/beletteprint.fr\/blog\/wp-content\/uploads\/2013\/04\/apropos2-595x335.jpg\" \/>\n<meta name=\"twitter:card\" content=\"summary_large_image\" \/>\n<meta name=\"twitter:label1\" content=\"Dur\u00e9e de lecture est.\">\n\t<meta name=\"twitter:data1\" content=\"1 minute\">\n<script type=\"application\/ld+json\" class=\"yoast-schema-graph\">{\"@context\":\"https:\/\/schema.org\",\"@graph\":[{\"@type\":\"WebSite\",\"@id\":\"http:\/\/beletteprint.fr\/blog\/#website\",\"url\":\"http:\/\/beletteprint.fr\/blog\/\",\"name\":\"Belette Print\",\"description\":\"Linogravure\",\"potentialAction\":[{\"@type\":\"SearchAction\",\"target\":\"http:\/\/beletteprint.fr\/blog\/?s={search_term_string}\",\"query-input\":\"required name=search_term_string\"}],\"inLanguage\":\"fr-FR\"},{\"@type\":\"ImageObject\",\"@id\":\"http:\/\/beletteprint.fr\/blog\/about\/#primaryimage\",\"inLanguage\":\"fr-FR\",\"url\":\"http:\/\/beletteprint.fr\/blog\/wp-content\/uploads\/2013\/04\/apropos2.jpg\",\"contentUrl\":\"http:\/\/beletteprint.fr\/blog\/wp-content\/uploads\/2013\/04\/apropos2.jpg\",\"width\":760,\"height\":428},{\"@type\":\"WebPage\",\"@id\":\"http:\/\/beletteprint.fr\/blog\/about\/#webpage\",\"url\":\"http:\/\/beletteprint.fr\/blog\/about\/\",\"name\":\"\\u00c0 propos - Belette Print\",\"isPartOf\":{\"@id\":\"http:\/\/beletteprint.fr\/blog\/#website\"},\"primaryImageOfPage\":{\"@id\":\"http:\/\/beletteprint.fr\/blog\/about\/#primaryimage\"},\"datePublished\":\"2013-04-22T11:38:16+00:00\",\"dateModified\":\"2016-03-07T22:20:24+00:00\",\"breadcrumb\":{\"@id\":\"http:\/\/beletteprint.fr\/blog\/about\/#breadcrumb\"},\"inLanguage\":\"fr-FR\",\"potentialAction\":[{\"@type\":\"ReadAction\",\"target\":[\"http:\/\/beletteprint.fr\/blog\/about\/\"]}]},{\"@type\":\"BreadcrumbList\",\"@id\":\"http:\/\/beletteprint.fr\/blog\/about\/#breadcrumb\",\"itemListElement\":[{\"@type\":\"ListItem\",\"position\":1,\"item\":{\"@type\":\"WebPage\",\"@id\":\"http:\/\/beletteprint.fr\/blog\/\",\"url\":\"http:\/\/beletteprint.fr\/blog\/\",\"name\":\"Accueil\"}},{\"@type\":\"ListItem\",\"position\":2,\"item\":{\"@id\":\"http:\/\/beletteprint.fr\/blog\/about\/#webpage\"}}]}]}<\/script>\n<!-- \/ Yoast SEO plugin. -->","_links":{"self":[{"href":"http:\/\/beletteprint.fr\/blog\/wp-json\/wp\/v2\/pages\/2"}],"collection":[{"href":"http:\/\/beletteprint.fr\/blog\/wp-json\/wp\/v2\/pages"}],"about":[{"href":"http:\/\/beletteprint.fr\/blog\/wp-json\/wp\/v2\/types\/page"}],"author":[{"embeddable":true,"href":"http:\/\/beletteprint.fr\/blog\/wp-json\/wp\/v2\/users\/1"}],"replies":[{"embeddable":true,"href":"http:\/\/beletteprint.fr\/blog\/wp-json\/wp\/v2\/comments?post=2"}],"version-history":[{"count":5,"href":"http:\/\/beletteprint.fr\/blog\/wp-json\/wp\/v2\/pages\/2\/revisions"}],"predecessor-version":[{"id":974,"href":"http:\/\/beletteprint.fr\/blog\/wp-json\/wp\/v2\/pages\/2\/revisions\/974"}],"wp:attachment":[{"href":"http:\/\/beletteprint.fr\/blog\/wp-json\/wp\/v2\/media?parent=2"}],"curies":[{"name":"wp","href":"https:\/\/api.w.org\/{rel}","templated":true}]}}