{"id":929,"date":"2016-03-02T13:23:16","date_gmt":"2016-03-02T12:23:16","guid":{"rendered":"http:\/\/beletteprint.fr\/blog\/?page_id=929"},"modified":"2017-02-27T11:00:08","modified_gmt":"2017-02-27T10:00:08","slug":"ou-me-trouver","status":"publish","type":"page","link":"http:\/\/beletteprint.fr\/blog\/ou-me-trouver\/","title":{"rendered":"O\u00f9 me trouver?"},"content":{"rendered":"<p><span style=\"color: #000080;\"><strong>J&rsquo;y suis<\/strong><\/span><a href=\"http:\/\/beletteprint.fr\/blog\/wp-content\/uploads\/2016\/03\/Affiche-Jardin-des-cr\u00e9ateurs_version-web-1.jpg\"><br \/>\n<\/a><\/p>\n<p>La boutique \u00e9ph\u00e9m\u00e8re de M\u00e9riadeck (Bordeaux) est ouverte! C&rsquo;est\u00a0du lundi au samedi, de 10h00 \u00e0 20h00.<a href=\"http:\/\/beletteprint.fr\/blog\/wp-content\/uploads\/2016\/03\/boutique-logo-BLANC.jpg\"><img loading=\"lazy\" class=\"aligncenter size-full wp-image-1152\" src=\"http:\/\/beletteprint.fr\/blog\/wp-content\/uploads\/2016\/03\/boutique-logo-BLANC.jpg\" alt=\"boutique logo BLANC\" width=\"544\" height=\"540\" srcset=\"http:\/\/beletteprint.fr\/blog\/wp-content\/uploads\/2016\/03\/boutique-logo-BLANC.jpg 544w, http:\/\/beletteprint.fr\/blog\/wp-content\/uploads\/2016\/03\/boutique-logo-BLANC-150x149.jpg 150w, http:\/\/beletteprint.fr\/blog\/wp-content\/uploads\/2016\/03\/boutique-logo-BLANC-100x100.jpg 100w, http:\/\/beletteprint.fr\/blog\/wp-content\/uploads\/2016\/03\/boutique-logo-BLANC-300x298.jpg 300w\" sizes=\"(max-width: 544px) 100vw, 544px\" \/><\/a>Vous pouvez aussi trouver quelques uns de mes articles \u00e0 la boutique des cr\u00e9ateurs de Vill&rsquo;up (Paris)<\/p>\n<p><span style=\"color: #333399;\"><strong>J&rsquo;y serai<\/strong><\/span><a href=\"http:\/\/beletteprint.fr\/blog\/wp-content\/uploads\/2017\/02\/kraftboutique.jpg\"><img loading=\"lazy\" class=\"aligncenter size-medium wp-image-1520\" src=\"http:\/\/beletteprint.fr\/blog\/wp-content\/uploads\/2017\/02\/kraftboutique-595x444.jpg\" alt=\"\" width=\"595\" height=\"444\" srcset=\"http:\/\/beletteprint.fr\/blog\/wp-content\/uploads\/2017\/02\/kraftboutique-595x444.jpg 595w, http:\/\/beletteprint.fr\/blog\/wp-content\/uploads\/2017\/02\/kraftboutique-150x112.jpg 150w, http:\/\/beletteprint.fr\/blog\/wp-content\/uploads\/2017\/02\/kraftboutique-300x224.jpg 300w, http:\/\/beletteprint.fr\/blog\/wp-content\/uploads\/2017\/02\/kraftboutique-768x573.jpg 768w, http:\/\/beletteprint.fr\/blog\/wp-content\/uploads\/2017\/02\/kraftboutique-960x717.jpg 960w, http:\/\/beletteprint.fr\/blog\/wp-content\/uploads\/2017\/02\/kraftboutique-600x448.jpg 600w, http:\/\/beletteprint.fr\/blog\/wp-content\/uploads\/2017\/02\/kraftboutique.jpg 2048w\" sizes=\"(max-width: 595px) 100vw, 595px\" \/><\/a>Atelier gravure sur polystyr\u00e8ne et reliure japonaise,<strong> le samedi 18 mars de 10h \u00e0 12h<\/strong>. Inscription aupr\u00e8s des responsables de la boutique\u00a0par\u00a0<a href=\"https:\/\/www.facebook.com\/chezkraft\/\">Facebook<\/a>, t\u00e9l\u00e9phone (05 57 67 32 59)\u00a0ou d\u2019aller directement au\u00a0<a href=\"https:\/\/www.google.fr\/maps\/place\/278+Cours+de+la+Somme,+33800+Bordeaux\/@44.8187851,-0.5743819,17z\/data=!3m1!4b1!4m5!3m4!1s0xd5527af9ddfebc1:0xe126433d5da8372e!8m2!3d44.8187813!4d-0.5721879\">278 cours de la Somme \u00e0 Bordeaux<\/a>.<\/p>\n<p><strong>Le dimanche 26\u00a0mars<\/strong> Salon du livre de Ludon M\u00e9doc. Sur le th\u00e8me du fait-maison de 11h \u00e0 18h.<\/p>\n<p><strong>Du vendredi 31 mars au dimanche 2 avril<\/strong>. <a href=\"http:\/\/beletteprint.fr\/blog\/wp-content\/uploads\/2017\/02\/jema_logo_web-securise.png\"><img loading=\"lazy\" class=\"aligncenter size-full wp-image-1521\" src=\"http:\/\/beletteprint.fr\/blog\/wp-content\/uploads\/2017\/02\/jema_logo_web-securise.png\" alt=\"\" width=\"585\" height=\"443\" srcset=\"http:\/\/beletteprint.fr\/blog\/wp-content\/uploads\/2017\/02\/jema_logo_web-securise.png 585w, http:\/\/beletteprint.fr\/blog\/wp-content\/uploads\/2017\/02\/jema_logo_web-securise-150x114.png 150w, http:\/\/beletteprint.fr\/blog\/wp-content\/uploads\/2017\/02\/jema_logo_web-securise-300x227.png 300w\" sizes=\"(max-width: 585px) 100vw, 585px\" \/><\/a><a href=\"http:\/\/www.journeesdesmetiersdart.fr\/manifestation\/metiers-d-art-cayac\">Journ\u00e9es europ\u00e9ennes des M\u00e9tiers d&rsquo;art au Prieur\u00e9 de Cayac <\/a>(Gradignan).<\/p>\n<p style=\"text-align: justify;\">Et en ligne sur Etsy<\/p>\n<p><a href=\"\/\/fr.etsy.com\/shop\/BelettePrint?ref=offsite_badges&amp;utm_source=sellers&amp;utm_medium=badges&amp;utm_campaign=fr_isell_1\"><img loading=\"lazy\" src=\"\/\/img0.etsystatic.com\/site-assets\/badges\/fr\/fr_isell_1.png\" alt=\"\" width=\"200\" height=\"200\" \/><\/a><\/p>\n<p><span style=\"color: #000080;\"><strong>J&rsquo;y \u00e9tais :\u00a0<\/strong><\/span><a href=\"http:\/\/beletteprint.fr\/blog\/wp-content\/uploads\/2016\/03\/logo_PARTAGE_PNG.png\" rel=\"attachment wp-att-930\"><img loading=\"lazy\" class=\"aligncenter size-medium wp-image-930\" src=\"http:\/\/beletteprint.fr\/blog\/wp-content\/uploads\/2016\/03\/logo_PARTAGE_PNG-595x502.png\" alt=\"logo_PARTAGE_PNG\" width=\"595\" height=\"502\" srcset=\"http:\/\/beletteprint.fr\/blog\/wp-content\/uploads\/2016\/03\/logo_PARTAGE_PNG-595x502.png 595w, http:\/\/beletteprint.fr\/blog\/wp-content\/uploads\/2016\/03\/logo_PARTAGE_PNG-150x127.png 150w, http:\/\/beletteprint.fr\/blog\/wp-content\/uploads\/2016\/03\/logo_PARTAGE_PNG-300x253.png 300w, http:\/\/beletteprint.fr\/blog\/wp-content\/uploads\/2016\/03\/logo_PARTAGE_PNG-768x648.png 768w, http:\/\/beletteprint.fr\/blog\/wp-content\/uploads\/2016\/03\/logo_PARTAGE_PNG-600x506.png 600w, http:\/\/beletteprint.fr\/blog\/wp-content\/uploads\/2016\/03\/logo_PARTAGE_PNG.png 891w\" sizes=\"(max-width: 595px) 100vw, 595px\" \/><\/a><\/p>\n<p style=\"text-align: justify;\">Situ\u00e9s au coeur de Bordeaux, les locaux discrets et chaleureux de l&rsquo;association humaniste <a href=\"http:\/\/www.partagerie.fr\">Part-\u00c2ge<\/a> regroupent un <a href=\"http:\/\/www.partagerie.fr\/p\/showroom-createurs.html\">showroom cr\u00e9ateur<\/a>\u00a0un espace enfant, un espace atelier et un salon de th\u00e9. Venez y faire un tour, \u00e7a vaut le coup!<\/p>\n<p style=\"text-align: justify;\"><a href=\"http:\/\/beletteprint.fr\/blog\/wp-content\/uploads\/2016\/02\/louve.png\" rel=\"attachment wp-att-899\"><img loading=\"lazy\" class=\"aligncenter size-medium wp-image-899\" src=\"http:\/\/beletteprint.fr\/blog\/wp-content\/uploads\/2016\/02\/louve-595x164.png\" alt=\"louve\" width=\"595\" height=\"164\" srcset=\"http:\/\/beletteprint.fr\/blog\/wp-content\/uploads\/2016\/02\/louve-595x164.png 595w, http:\/\/beletteprint.fr\/blog\/wp-content\/uploads\/2016\/02\/louve-150x41.png 150w, http:\/\/beletteprint.fr\/blog\/wp-content\/uploads\/2016\/02\/louve-300x83.png 300w, http:\/\/beletteprint.fr\/blog\/wp-content\/uploads\/2016\/02\/louve-768x211.png 768w, http:\/\/beletteprint.fr\/blog\/wp-content\/uploads\/2016\/02\/louve-600x165.png 600w, http:\/\/beletteprint.fr\/blog\/wp-content\/uploads\/2016\/02\/louve.png 959w\" sizes=\"(max-width: 595px) 100vw, 595px\" \/><\/a><\/p>\n<p style=\"text-align: justify;\">Du 31 mars au 3 avril 2016.<\/p>\n<p style=\"text-align: justify;\"><a href=\"http:\/\/beletteprint.fr\/blog\/wp-content\/uploads\/2016\/03\/12670825_958888354148773_7461735388355562648_n.jpg\" rel=\"attachment wp-att-1029\"><img loading=\"lazy\" class=\"aligncenter size-medium wp-image-1029\" src=\"http:\/\/beletteprint.fr\/blog\/wp-content\/uploads\/2016\/03\/12670825_958888354148773_7461735388355562648_n-595x224.jpg\" alt=\"12670825_958888354148773_7461735388355562648_n\" width=\"595\" height=\"224\" srcset=\"http:\/\/beletteprint.fr\/blog\/wp-content\/uploads\/2016\/03\/12670825_958888354148773_7461735388355562648_n-595x224.jpg 595w, http:\/\/beletteprint.fr\/blog\/wp-content\/uploads\/2016\/03\/12670825_958888354148773_7461735388355562648_n-150x56.jpg 150w, http:\/\/beletteprint.fr\/blog\/wp-content\/uploads\/2016\/03\/12670825_958888354148773_7461735388355562648_n-300x113.jpg 300w, http:\/\/beletteprint.fr\/blog\/wp-content\/uploads\/2016\/03\/12670825_958888354148773_7461735388355562648_n-768x289.jpg 768w, http:\/\/beletteprint.fr\/blog\/wp-content\/uploads\/2016\/03\/12670825_958888354148773_7461735388355562648_n.jpg 960w, http:\/\/beletteprint.fr\/blog\/wp-content\/uploads\/2016\/03\/12670825_958888354148773_7461735388355562648_n-600x226.jpg 600w\" sizes=\"(max-width: 595px) 100vw, 595px\" \/><\/a>Un \u00e9v\u00e8nement un peu particulier : <a href=\"https:\/\/www.facebook.com\/events\/699565390183464\/\">l&rsquo;APEROBOAT du 30 avril<\/a>. Sur le th\u00e8me du Japon, j&rsquo;y ai grav\u00e9 en direct des tampons en s\u00e9rie tr\u00e8s limit\u00e9e\u00a0.<\/p>\n<p>La journ\u00e9e des artisans cr\u00e9ateurs \u00e0 Tresses.<\/p>\n<p><a href=\"http:\/\/beletteprint.fr\/blog\/wp-content\/uploads\/2016\/03\/Capture.png\"><img loading=\"lazy\" class=\"aligncenter size-full wp-image-1119\" src=\"http:\/\/beletteprint.fr\/blog\/wp-content\/uploads\/2016\/03\/Capture.png\" alt=\"Capture\" width=\"228\" height=\"320\" srcset=\"http:\/\/beletteprint.fr\/blog\/wp-content\/uploads\/2016\/03\/Capture.png 228w, http:\/\/beletteprint.fr\/blog\/wp-content\/uploads\/2016\/03\/Capture-150x211.png 150w\" sizes=\"(max-width: 228px) 100vw, 228px\" \/><\/a><a href=\"http:\/\/beletteprint.fr\/blog\/wp-content\/uploads\/2016\/03\/Affiche-Jardin-des-cr\u00e9ateurs_version-web-1.jpg\"><img loading=\"lazy\" class=\"aligncenter size-medium wp-image-1174\" src=\"http:\/\/beletteprint.fr\/blog\/wp-content\/uploads\/2016\/03\/Affiche-Jardin-des-cr\u00e9ateurs_version-web-1-595x742.jpg\" alt=\"Affiche Jardin des cr\u00e9ateurs_version web (1)\" width=\"595\" height=\"742\" srcset=\"http:\/\/beletteprint.fr\/blog\/wp-content\/uploads\/2016\/03\/Affiche-Jardin-des-cr\u00e9ateurs_version-web-1-595x742.jpg 595w, http:\/\/beletteprint.fr\/blog\/wp-content\/uploads\/2016\/03\/Affiche-Jardin-des-cr\u00e9ateurs_version-web-1-150x187.jpg 150w, http:\/\/beletteprint.fr\/blog\/wp-content\/uploads\/2016\/03\/Affiche-Jardin-des-cr\u00e9ateurs_version-web-1-300x374.jpg 300w, http:\/\/beletteprint.fr\/blog\/wp-content\/uploads\/2016\/03\/Affiche-Jardin-des-cr\u00e9ateurs_version-web-1-768x958.jpg 768w, http:\/\/beletteprint.fr\/blog\/wp-content\/uploads\/2016\/03\/Affiche-Jardin-des-cr\u00e9ateurs_version-web-1-960x1197.jpg 960w, http:\/\/beletteprint.fr\/blog\/wp-content\/uploads\/2016\/03\/Affiche-Jardin-des-cr\u00e9ateurs_version-web-1-600x748.jpg 600w\" sizes=\"(max-width: 595px) 100vw, 595px\" \/><\/a><\/p>\n","protected":false},"excerpt":{"rendered":"<p>J&rsquo;y suis La boutique \u00e9ph\u00e9m\u00e8re de M\u00e9riadeck (Bordeaux) est ouverte! C&rsquo;est\u00a0du lundi au samedi, de 10h00 \u00e0 20h00.Vous pouvez aussi trouver quelques uns de mes articles \u00e0 la boutique des cr\u00e9ateurs de Vill&rsquo;up (Paris) J&rsquo;y seraiAtelier gravure sur polystyr\u00e8ne et reliure japonaise, le samedi 18 mars de 10h \u00e0 12h. Inscription aupr\u00e8s des responsables de &hellip; <a href=\"http:\/\/beletteprint.fr\/blog\/ou-me-trouver\/\" class=\"more-link\">Continuer la lecture de <span class=\"screen-reader-text\">O\u00f9 me trouver?<\/span> <span class=\"meta-nav\">&rarr;<\/span><\/a><\/p>\n","protected":false},"author":1,"featured_media":0,"parent":0,"menu_order":0,"comment_status":"closed","ping_status":"closed","template":"","meta":{"_links_to":"","_links_to_target":""},"yoast_head":"<!-- This site is optimized with the Yoast SEO plugin v16.3 - https:\/\/yoast.com\/wordpress\/plugins\/seo\/ -->\n<meta name=\"robots\" content=\"index, follow, max-snippet:-1, max-image-preview:large, max-video-preview:-1\" \/>\n<link rel=\"canonical\" href=\"http:\/\/beletteprint.fr\/blog\/ou-me-trouver\/\" \/>\n<meta property=\"og:locale\" content=\"fr_FR\" \/>\n<meta property=\"og:type\" content=\"article\" \/>\n<meta property=\"og:title\" content=\"O\u00f9 me trouver? - Belette Print\" \/>\n<meta property=\"og:description\" content=\"J&rsquo;y suis La boutique \u00e9ph\u00e9m\u00e8re de M\u00e9riadeck (Bordeaux) est ouverte! C&rsquo;est\u00a0du lundi au samedi, de 10h00 \u00e0 20h00.Vous pouvez aussi trouver quelques uns de mes articles \u00e0 la boutique des cr\u00e9ateurs de Vill&rsquo;up (Paris) J&rsquo;y seraiAtelier gravure sur polystyr\u00e8ne et reliure japonaise, le samedi 18 mars de 10h \u00e0 12h. Inscription aupr\u00e8s des responsables de &hellip; Continuer la lecture de O\u00f9 me trouver? &rarr;\" \/>\n<meta property=\"og:url\" content=\"http:\/\/beletteprint.fr\/blog\/ou-me-trouver\/\" \/>\n<meta property=\"og:site_name\" content=\"Belette Print\" \/>\n<meta property=\"article:publisher\" content=\"https:\/\/fr-fr.facebook.com\/belettePrint\/\" \/>\n<meta property=\"article:modified_time\" content=\"2017-02-27T10:00:08+00:00\" \/>\n<meta property=\"og:image\" content=\"http:\/\/beletteprint.fr\/blog\/wp-content\/uploads\/2016\/03\/boutique-logo-BLANC.jpg\" \/>\n<meta name=\"twitter:card\" content=\"summary_large_image\" \/>\n<meta name=\"twitter:label1\" content=\"Dur\u00e9e de lecture est.\">\n\t<meta name=\"twitter:data1\" content=\"1 minute\">\n<script type=\"application\/ld+json\" class=\"yoast-schema-graph\">{\"@context\":\"https:\/\/schema.org\",\"@graph\":[{\"@type\":\"WebSite\",\"@id\":\"http:\/\/beletteprint.fr\/blog\/#website\",\"url\":\"http:\/\/beletteprint.fr\/blog\/\",\"name\":\"Belette Print\",\"description\":\"Linogravure\",\"potentialAction\":[{\"@type\":\"SearchAction\",\"target\":\"http:\/\/beletteprint.fr\/blog\/?s={search_term_string}\",\"query-input\":\"required name=search_term_string\"}],\"inLanguage\":\"fr-FR\"},{\"@type\":\"ImageObject\",\"@id\":\"http:\/\/beletteprint.fr\/blog\/ou-me-trouver\/#primaryimage\",\"inLanguage\":\"fr-FR\",\"url\":\"http:\/\/beletteprint.fr\/blog\/wp-content\/uploads\/2016\/03\/boutique-logo-BLANC.jpg\",\"contentUrl\":\"http:\/\/beletteprint.fr\/blog\/wp-content\/uploads\/2016\/03\/boutique-logo-BLANC.jpg\",\"width\":544,\"height\":540},{\"@type\":\"WebPage\",\"@id\":\"http:\/\/beletteprint.fr\/blog\/ou-me-trouver\/#webpage\",\"url\":\"http:\/\/beletteprint.fr\/blog\/ou-me-trouver\/\",\"name\":\"O\\u00f9 me trouver? - Belette Print\",\"isPartOf\":{\"@id\":\"http:\/\/beletteprint.fr\/blog\/#website\"},\"primaryImageOfPage\":{\"@id\":\"http:\/\/beletteprint.fr\/blog\/ou-me-trouver\/#primaryimage\"},\"datePublished\":\"2016-03-02T12:23:16+00:00\",\"dateModified\":\"2017-02-27T10:00:08+00:00\",\"breadcrumb\":{\"@id\":\"http:\/\/beletteprint.fr\/blog\/ou-me-trouver\/#breadcrumb\"},\"inLanguage\":\"fr-FR\",\"potentialAction\":[{\"@type\":\"ReadAction\",\"target\":[\"http:\/\/beletteprint.fr\/blog\/ou-me-trouver\/\"]}]},{\"@type\":\"BreadcrumbList\",\"@id\":\"http:\/\/beletteprint.fr\/blog\/ou-me-trouver\/#breadcrumb\",\"itemListElement\":[{\"@type\":\"ListItem\",\"position\":1,\"item\":{\"@type\":\"WebPage\",\"@id\":\"http:\/\/beletteprint.fr\/blog\/\",\"url\":\"http:\/\/beletteprint.fr\/blog\/\",\"name\":\"Accueil\"}},{\"@type\":\"ListItem\",\"position\":2,\"item\":{\"@id\":\"http:\/\/beletteprint.fr\/blog\/ou-me-trouver\/#webpage\"}}]}]}<\/script>\n<!-- \/ Yoast SEO plugin. -->","_links":{"self":[{"href":"http:\/\/beletteprint.fr\/blog\/wp-json\/wp\/v2\/pages\/929"}],"collection":[{"href":"http:\/\/beletteprint.fr\/blog\/wp-json\/wp\/v2\/pages"}],"about":[{"href":"http:\/\/beletteprint.fr\/blog\/wp-json\/wp\/v2\/types\/page"}],"author":[{"embeddable":true,"href":"http:\/\/beletteprint.fr\/blog\/wp-json\/wp\/v2\/users\/1"}],"replies":[{"embeddable":true,"href":"http:\/\/beletteprint.fr\/blog\/wp-json\/wp\/v2\/comments?post=929"}],"version-history":[{"count":13,"href":"http:\/\/beletteprint.fr\/blog\/wp-json\/wp\/v2\/pages\/929\/revisions"}],"predecessor-version":[{"id":1530,"href":"http:\/\/beletteprint.fr\/blog\/wp-json\/wp\/v2\/pages\/929\/revisions\/1530"}],"wp:attachment":[{"href":"http:\/\/beletteprint.fr\/blog\/wp-json\/wp\/v2\/media?parent=929"}],"curies":[{"name":"wp","href":"https:\/\/api.w.org\/{rel}","templated":true}]}}