{"id":967,"date":"2016-03-07T23:20:07","date_gmt":"2016-03-07T22:20:07","guid":{"rendered":"http:\/\/beletteprint.fr\/blog\/?page_id=967"},"modified":"2017-03-29T22:47:04","modified_gmt":"2017-03-29T20:47:04","slug":"les-ateliers","status":"publish","type":"page","link":"https:\/\/beletteprint.fr\/blog\/les-ateliers\/","title":{"rendered":"Les ateliers"},"content":{"rendered":"<p><a href=\"http:\/\/beletteprint.fr\/blog\/wp-content\/uploads\/2016\/03\/atelier_gravure_gomme.jpg\" rel=\"attachment wp-att-969\"><img loading=\"lazy\" class=\"aligncenter size-medium wp-image-969\" src=\"http:\/\/beletteprint.fr\/blog\/wp-content\/uploads\/2016\/03\/atelier_gravure_gomme-595x240.jpg\" alt=\"atelier_gravure_gomme\" width=\"595\" height=\"240\" srcset=\"https:\/\/beletteprint.fr\/blog\/wp-content\/uploads\/2016\/03\/atelier_gravure_gomme-595x240.jpg 595w, https:\/\/beletteprint.fr\/blog\/wp-content\/uploads\/2016\/03\/atelier_gravure_gomme-150x60.jpg 150w, https:\/\/beletteprint.fr\/blog\/wp-content\/uploads\/2016\/03\/atelier_gravure_gomme-300x121.jpg 300w, https:\/\/beletteprint.fr\/blog\/wp-content\/uploads\/2016\/03\/atelier_gravure_gomme-768x310.jpg 768w, https:\/\/beletteprint.fr\/blog\/wp-content\/uploads\/2016\/03\/atelier_gravure_gomme-960x387.jpg 960w, https:\/\/beletteprint.fr\/blog\/wp-content\/uploads\/2016\/03\/atelier_gravure_gomme-600x242.jpg 600w\" sizes=\"(max-width: 595px) 100vw, 595px\" \/><\/a><\/p>\n<p style=\"text-align: justify;\">Venez d\u00e9couvrir la gravure sur gomme, cr\u00e9er vous m\u00eame un tampon artisanal en partant d&rsquo;un motif que vous aurez pr\u00e9par\u00e9 ou que vous choisirez \u00e0 l&rsquo;atelier.<\/p>\n<p style=\"text-align: justify;\"><span style=\"color: #58818c;\">Dur\u00e9e<\/span> : 4h<\/p>\n<p style=\"text-align: justify;\"><span style=\"color: #58818c;\">Lieu<\/span> : dans mon atelier \u00e0 Leognan ou \u00e0 domicile.<\/p>\n<p style=\"text-align: justify;\"><span style=\"color: #58818c;\">Nombre maximum de participants<\/span> : 5<\/p>\n<p style=\"text-align: justify;\"><span style=\"color: #58818c;\">Nombre minimum de participants<\/span> : 3<\/p>\n<p style=\"text-align: justify;\">Tout le mat\u00e9riel est fourni (gouges, gomme, support bois&#8230;)<\/p>\n<p style=\"text-align: justify;\">Les participants repartent avec :<\/p>\n<ul style=\"text-align: justify;\">\n<li>un tampon grav\u00e9 pendant l&rsquo;atelier et mont\u00e9 sur bois (dimensions 6 cm x 4 cm)<\/li>\n<li>un encreur sp\u00e9cial textile<\/li>\n<li>un tote bag en coton imprim\u00e9 avec son tampon pendant l&rsquo;atelier.<\/li>\n<\/ul>\n<p style=\"text-align: justify;\"><span style=\"color: #58818c;\">Prix<\/span> : 35\u20ac par personne, mat\u00e9riel compris (ch\u00e8que ou esp\u00e8ces).<a href=\"http:\/\/beletteprint.fr\/blog\/wp-content\/uploads\/2016\/09\/affiche1oct.jpg\"><br \/>\n<\/a><span style=\"color: #008080;\"><strong>Prochaines dates<\/strong><\/span> : vendredi 14 avril 13h-17h, samedi 13 mai 13h-17h. \u00a0Inscription obligatoire par mail.<\/p>\n<p style=\"text-align: justify;\">N&rsquo;h\u00e9sitez pas \u00e0 me contacter pour tout renseignement compl\u00e9mentaire.<\/p>\n<p style=\"text-align: justify;\">* Pour les ateliers \u00e0 domicile, il faut pr\u00e9alablement r\u00e9unir un groupe de 4 \u00e0 5 participants. Ils peuvent avoir lieux en matin\u00e9e, l&rsquo;apr\u00e8s-midi et en soir\u00e9e (\u00e0 d\u00e9finir selon les disponibilit\u00e9s de chacun). Je me d\u00e9place dans la r\u00e9gion Bordeaux et sa r\u00e9gion et ponctuellement en r\u00e9gion parisienne. Pr\u00e9voir une grande table et une imprimante de bureau. Le prix par participant est\u00a0de 35\u20ac.<\/p>\n<p style=\"text-align: justify;\"><a href=\"http:\/\/beletteprint.fr\/blog\/wp-content\/uploads\/2016\/03\/pageblogpolystyrene-1.jpg\" rel=\"attachment wp-att-1036\"><img loading=\"lazy\" class=\"aligncenter size-medium wp-image-1036\" src=\"http:\/\/beletteprint.fr\/blog\/wp-content\/uploads\/2016\/03\/pageblogpolystyrene-1-595x240.jpg\" alt=\"pageblogpolystyrene\" width=\"595\" height=\"240\" srcset=\"https:\/\/beletteprint.fr\/blog\/wp-content\/uploads\/2016\/03\/pageblogpolystyrene-1-595x240.jpg 595w, https:\/\/beletteprint.fr\/blog\/wp-content\/uploads\/2016\/03\/pageblogpolystyrene-1-150x60.jpg 150w, https:\/\/beletteprint.fr\/blog\/wp-content\/uploads\/2016\/03\/pageblogpolystyrene-1-300x121.jpg 300w, https:\/\/beletteprint.fr\/blog\/wp-content\/uploads\/2016\/03\/pageblogpolystyrene-1-768x310.jpg 768w, https:\/\/beletteprint.fr\/blog\/wp-content\/uploads\/2016\/03\/pageblogpolystyrene-1-960x387.jpg 960w, https:\/\/beletteprint.fr\/blog\/wp-content\/uploads\/2016\/03\/pageblogpolystyrene-1-600x242.jpg 600w\" sizes=\"(max-width: 595px) 100vw, 595px\" \/><\/a><\/p>\n<p style=\"text-align: justify;\">Pendant cet atelier, les enfants \u00e0 partir de 5 ans d\u00e9couvrent la gravure! Sur un mat\u00e9riau facile \u00e0 travailler, sans outils coupants ou tranchants, l&rsquo;activit\u00e9 se fait en toute s\u00e9curit\u00e9.<\/p>\n<p style=\"text-align: justify;\">Ils d\u00e9couvrent la magie de l&rsquo;impression : multiplier les tirages, jouer avec les encrages, s&rsquo;amuser \u00e0 marquer la plaque avec des objets farfelus&#8230; l&rsquo;exp\u00e9rience est riche!<\/p>\n<p style=\"text-align: justify;\"><span style=\"color: #58818c;\">Dur\u00e9e<\/span>\u00a0: 1h30<\/p>\n<p style=\"text-align: justify;\"><span style=\"color: #58818c;\">Lieu<\/span>\u00a0: Dans mon atelier \u00e0 LEOGNAN\u00a0ou chez vous \u00e0 l&rsquo;occasion d&rsquo;une f\u00eate d&rsquo;anniversaire par exemple.<\/p>\n<p style=\"text-align: justify;\">Tout le mat\u00e9riel est fourni.<\/p>\n<p style=\"text-align: justify;\">Les participants repartent avec :<\/p>\n<ul style=\"text-align: justify;\">\n<li>La plaque grav\u00e9e, r\u00e9utilisable \u00e0 la maison avec un minimum de mat\u00e9riel.<\/li>\n<li>Les tirages papier multicolores.<\/li>\n<\/ul>\n<p style=\"text-align: justify;\"><span style=\"color: #58818c;\">Prix pour les anniversaires<\/span> : sur demande selon le nombre de participants et la localisation.<\/p>\n<p style=\"text-align: justify;\">Inscriptions par le formulaire de contact du site (page\u00a0<a href=\"http:\/\/beletteprint.fr\/blog\/me-contacter\/\">\u00ab\u00a0Me contacter\u00a0\u00bb<\/a>)<\/p>\n<p style=\"text-align: justify;\">N&rsquo;h\u00e9sitez pas \u00e0 me contacter pour tout renseignement compl\u00e9mentaire.<\/p>\n","protected":false},"excerpt":{"rendered":"<p>Venez d\u00e9couvrir la gravure sur gomme, cr\u00e9er vous m\u00eame un tampon artisanal en partant d&rsquo;un motif que vous aurez pr\u00e9par\u00e9 ou que vous choisirez \u00e0 l&rsquo;atelier. Dur\u00e9e : 4h Lieu : dans mon atelier \u00e0 Leognan ou \u00e0 domicile. Nombre maximum de participants : 5 Nombre minimum de participants : 3 Tout le mat\u00e9riel est &hellip; <a href=\"https:\/\/beletteprint.fr\/blog\/les-ateliers\/\" class=\"more-link\">Continuer la lecture de <span class=\"screen-reader-text\">Les ateliers<\/span> <span class=\"meta-nav\">&rarr;<\/span><\/a><\/p>\n","protected":false},"author":1,"featured_media":968,"parent":0,"menu_order":0,"comment_status":"closed","ping_status":"closed","template":"","meta":{"_links_to":"","_links_to_target":""},"yoast_head":"<!-- This site is optimized with the Yoast SEO plugin v16.3 - https:\/\/yoast.com\/wordpress\/plugins\/seo\/ -->\n<meta name=\"robots\" content=\"index, follow, max-snippet:-1, max-image-preview:large, max-video-preview:-1\" \/>\n<link rel=\"canonical\" href=\"https:\/\/beletteprint.fr\/blog\/les-ateliers\/\" \/>\n<meta property=\"og:locale\" content=\"fr_FR\" \/>\n<meta property=\"og:type\" content=\"article\" \/>\n<meta property=\"og:title\" content=\"Les ateliers - Belette Print\" \/>\n<meta property=\"og:description\" content=\"Venez d\u00e9couvrir la gravure sur gomme, cr\u00e9er vous m\u00eame un tampon artisanal en partant d&rsquo;un motif que vous aurez pr\u00e9par\u00e9 ou que vous choisirez \u00e0 l&rsquo;atelier. Dur\u00e9e : 4h Lieu : dans mon atelier \u00e0 Leognan ou \u00e0 domicile. Nombre maximum de participants : 5 Nombre minimum de participants : 3 Tout le mat\u00e9riel est &hellip; Continuer la lecture de Les ateliers &rarr;\" \/>\n<meta property=\"og:url\" content=\"https:\/\/beletteprint.fr\/blog\/les-ateliers\/\" \/>\n<meta property=\"og:site_name\" content=\"Belette Print\" \/>\n<meta property=\"article:publisher\" content=\"https:\/\/fr-fr.facebook.com\/belettePrint\/\" \/>\n<meta property=\"article:modified_time\" content=\"2017-03-29T20:47:04+00:00\" \/>\n<meta property=\"og:image\" content=\"http:\/\/beletteprint.fr\/blog\/wp-content\/uploads\/2016\/03\/ateliertampon.jpg\" \/>\n\t<meta property=\"og:image:width\" content=\"1038\" \/>\n\t<meta property=\"og:image:height\" content=\"550\" \/>\n<meta name=\"twitter:card\" content=\"summary_large_image\" \/>\n<meta name=\"twitter:label1\" content=\"Dur\u00e9e de lecture est.\">\n\t<meta name=\"twitter:data1\" content=\"2 minutes\">\n<script type=\"application\/ld+json\" class=\"yoast-schema-graph\">{\"@context\":\"https:\/\/schema.org\",\"@graph\":[{\"@type\":\"WebSite\",\"@id\":\"http:\/\/beletteprint.fr\/blog\/#website\",\"url\":\"http:\/\/beletteprint.fr\/blog\/\",\"name\":\"Belette Print\",\"description\":\"Linogravure\",\"potentialAction\":[{\"@type\":\"SearchAction\",\"target\":\"http:\/\/beletteprint.fr\/blog\/?s={search_term_string}\",\"query-input\":\"required name=search_term_string\"}],\"inLanguage\":\"fr-FR\"},{\"@type\":\"ImageObject\",\"@id\":\"https:\/\/beletteprint.fr\/blog\/les-ateliers\/#primaryimage\",\"inLanguage\":\"fr-FR\",\"url\":\"https:\/\/beletteprint.fr\/blog\/wp-content\/uploads\/2016\/03\/ateliertampon.jpg\",\"contentUrl\":\"https:\/\/beletteprint.fr\/blog\/wp-content\/uploads\/2016\/03\/ateliertampon.jpg\",\"width\":1038,\"height\":550},{\"@type\":\"WebPage\",\"@id\":\"https:\/\/beletteprint.fr\/blog\/les-ateliers\/#webpage\",\"url\":\"https:\/\/beletteprint.fr\/blog\/les-ateliers\/\",\"name\":\"Les ateliers - Belette Print\",\"isPartOf\":{\"@id\":\"http:\/\/beletteprint.fr\/blog\/#website\"},\"primaryImageOfPage\":{\"@id\":\"https:\/\/beletteprint.fr\/blog\/les-ateliers\/#primaryimage\"},\"datePublished\":\"2016-03-07T22:20:07+00:00\",\"dateModified\":\"2017-03-29T20:47:04+00:00\",\"breadcrumb\":{\"@id\":\"https:\/\/beletteprint.fr\/blog\/les-ateliers\/#breadcrumb\"},\"inLanguage\":\"fr-FR\",\"potentialAction\":[{\"@type\":\"ReadAction\",\"target\":[\"https:\/\/beletteprint.fr\/blog\/les-ateliers\/\"]}]},{\"@type\":\"BreadcrumbList\",\"@id\":\"https:\/\/beletteprint.fr\/blog\/les-ateliers\/#breadcrumb\",\"itemListElement\":[{\"@type\":\"ListItem\",\"position\":1,\"item\":{\"@type\":\"WebPage\",\"@id\":\"http:\/\/beletteprint.fr\/blog\/\",\"url\":\"http:\/\/beletteprint.fr\/blog\/\",\"name\":\"Accueil\"}},{\"@type\":\"ListItem\",\"position\":2,\"item\":{\"@id\":\"https:\/\/beletteprint.fr\/blog\/les-ateliers\/#webpage\"}}]}]}<\/script>\n<!-- \/ Yoast SEO plugin. -->","_links":{"self":[{"href":"https:\/\/beletteprint.fr\/blog\/wp-json\/wp\/v2\/pages\/967"}],"collection":[{"href":"https:\/\/beletteprint.fr\/blog\/wp-json\/wp\/v2\/pages"}],"about":[{"href":"https:\/\/beletteprint.fr\/blog\/wp-json\/wp\/v2\/types\/page"}],"author":[{"embeddable":true,"href":"https:\/\/beletteprint.fr\/blog\/wp-json\/wp\/v2\/users\/1"}],"replies":[{"embeddable":true,"href":"https:\/\/beletteprint.fr\/blog\/wp-json\/wp\/v2\/comments?post=967"}],"version-history":[{"count":14,"href":"https:\/\/beletteprint.fr\/blog\/wp-json\/wp\/v2\/pages\/967\/revisions"}],"predecessor-version":[{"id":1585,"href":"https:\/\/beletteprint.fr\/blog\/wp-json\/wp\/v2\/pages\/967\/revisions\/1585"}],"wp:featuredmedia":[{"embeddable":true,"href":"https:\/\/beletteprint.fr\/blog\/wp-json\/wp\/v2\/media\/968"}],"wp:attachment":[{"href":"https:\/\/beletteprint.fr\/blog\/wp-json\/wp\/v2\/media?parent=967"}],"curies":[{"name":"wp","href":"https:\/\/api.w.org\/{rel}","templated":true}]}}